{"id":151,"date":"2017-11-15T12:41:28","date_gmt":"2017-11-15T12:41:28","guid":{"rendered":"http:\/\/blinc-eu.org\/?page_id=151"},"modified":"2017-11-15T12:41:28","modified_gmt":"2017-11-15T12:41:28","slug":"blinc-spots","status":"publish","type":"page","link":"https:\/\/blinc-eu.org\/de\/blinc-spots\/","title":{"rendered":"blinc publications"},"content":{"rendered":"<div id=\"c4692\" class=\"csc-default\">\n<div class=\"csc-header csc-header-n1\">\n<h1 class=\"csc-firstHeader\">Ver\u00f6ffentlichungen von blinc Mitgliedern<\/h1>\n<\/div>\n<p class=\"bodytext\">In diesem Seitenbereich finden Sie Ver\u00f6ffentlichungen unserer Mitglieder zu Themen rund ums Blended Learning oder anderen Themen, mit denen blinc befasst ist (bspw. Europa, Projektberichte etc.)<\/p>\n<p class=\"bodytext\">Dieser Seitenbereich wird regelm\u00e4ig gepflegt, \u00c4ltere Artikel werden (sp\u00e4ter) ins Archiv verschoben.<\/p>\n<p class=\"bodytext\">Bitte besuchen Sie auch unseren blinc-blog in dem Sie seit 2005 aktuele Beitr\u00e4ge und links zum Thema BL finden.<\/p>\n<\/div>\n<div id=\"c4693\" class=\"csc-default\">\n<div class=\"csc-header csc-header-n2\">\n<h1>Ver\u00f6ffentlichungen<\/h1>\n<\/div>\n<ul class=\"csc-bulletlist csc-bulletlist-0\">\n<li class=\"odd\">Blended Learning in formellen und informellen Bildungsprojekten, Sabine Wiemann, Tim Scholze, (M\u00e4rz 2007, ver\u00f6ffentlicht in eLearningeuropa.info)<\/li>\n<li class=\"even\">Blended Learning im betrieblichen Umweltschutz, Stefan Kruse (2005), Layman report about the project Integrated Environemental Management in Hospitals<\/li>\n<li class=\"odd\">Gr\u00fcndung der Blended Learning Institutions&#8216; cooperative, Tim Scholze (2006, ver\u00f6ffentlicht in eLearningeuropa.info)<\/li>\n<li class=\"even\">Blended Learning im Gesundheitswesen, Michael Eichhorst (2006)<\/li>\n<li class=\"odd\">Blended Learning Didactics, Hans-Dieter Haller, Jutta List-Ivancovic, Leena Freitag, Tim Scholze (2006)<\/li>\n<\/ul>\n<\/div>\n","protected":false},"excerpt":{"rendered":"<p>Ver\u00f6ffentlichungen von blinc Mitgliedern In diesem Seitenbereich finden Sie Ver\u00f6ffentlichungen unserer Mitglieder zu Themen rund ums Blended Learning oder anderen Themen, mit denen blinc befasst ist (bspw. Europa, Projektberichte etc.) Dieser Seitenbereich wird regelm\u00e4ig gepflegt, \u00c4ltere Artikel werden (sp\u00e4ter) ins Archiv verschoben. Bitte besuchen Sie auch unseren blinc-blog in dem Sie seit 2005 aktuele Beitr\u00e4ge [&hellip;]<\/p>\n","protected":false},"author":1,"featured_media":0,"parent":0,"menu_order":0,"comment_status":"closed","ping_status":"closed","template":"","meta":{"_locale":"de_DE","_original_post":"8","footnotes":""},"q21pr_european_projects":[],"class_list":["post-151","page","type-page","status-publish","hentry","de-DE"],"blocksy_meta":{"styles_descriptor":{"styles":{"desktop":"","tablet":"","mobile":""},"google_fonts":[],"version":6}},"_links":{"self":[{"href":"https:\/\/blinc-eu.org\/wp-json\/wp\/v2\/pages\/151","targetHints":{"allow":["GET"]}}],"collection":[{"href":"https:\/\/blinc-eu.org\/wp-json\/wp\/v2\/pages"}],"about":[{"href":"https:\/\/blinc-eu.org\/wp-json\/wp\/v2\/types\/page"}],"author":[{"embeddable":true,"href":"https:\/\/blinc-eu.org\/wp-json\/wp\/v2\/users\/1"}],"replies":[{"embeddable":true,"href":"https:\/\/blinc-eu.org\/wp-json\/wp\/v2\/comments?post=151"}],"version-history":[{"count":1,"href":"https:\/\/blinc-eu.org\/wp-json\/wp\/v2\/pages\/151\/revisions"}],"predecessor-version":[{"id":154,"href":"https:\/\/blinc-eu.org\/wp-json\/wp\/v2\/pages\/151\/revisions\/154"}],"wp:attachment":[{"href":"https:\/\/blinc-eu.org\/wp-json\/wp\/v2\/media?parent=151"}],"wp:term":[{"taxonomy":"q21pr_european_projects","embeddable":true,"href":"https:\/\/blinc-eu.org\/wp-json\/wp\/v2\/q21pr_european_projects?post=151"}],"curies":[{"name":"wp","href":"https:\/\/api.w.org\/{rel}","templated":true}]}}