{"id":421,"date":"2018-05-24T12:59:45","date_gmt":"2018-05-24T12:59:45","guid":{"rendered":"http:\/\/blinc-eu.org\/?page_id=421"},"modified":"2018-05-24T12:59:45","modified_gmt":"2018-05-24T12:59:45","slug":"imprint","status":"publish","type":"page","link":"https:\/\/blinc-eu.org\/de\/imprint\/","title":{"rendered":"Impressum"},"content":{"rendered":"<p>blinc eG<br \/>\nBertheaustra\u00dfe 10<br \/>\n37075 G\u00f6ttingen<\/p>\n<p>Telefon: 0172 740 83 22<br \/>\nE-Mail: info@blinc-eu.org<\/p>\n<p>Vertretungsberechtigte: Dr. Tim Scholze, Michael Eichhorst<br \/>\nAufsichtsrat: Jutta List Ivankovic, Prof. Dr. Hans-Dieter Haller, Dr. Karl-Ludwig Kratz<br \/>\nAmtsregister: Amtsgericht G\u00f6ttingen, GnR 150<br \/>\nUmsatzsteuernummer gem\u00e4\u00df \u00a7 27a Umsatzsteuergesetz: 20\/200\/14844<\/p>\n<p>Verantwortlich f\u00fcr den Inhalt nach \u00a755 Abs. 2 RStV:<br \/>\nDr. Tim Scholze<br \/>\nblinc eG<br \/>\nBertheaustra\u00dfe 10<br \/>\n37075 G\u00f6ttingen<\/p>\n<p>Haftungsausschluss<br \/>\nWir haben die Inhalte unserer Webseite nach bestem Wissen und Gewissen erstellt. Wir bitten um Verst\u00e4ndnis, dass wir dennoch keine Garantie daf\u00fcr \u00fcbernehmen, dass die bereitgestellten Informationen in jedem Fall vollst\u00e4ndig, richtig und aktuell sind.<br \/>\nTrotz vorheriger inhaltlicher Pr\u00fcfung \u00fcbernehmen wir auch keine Haftung f\u00fcr die Inhalte externer Webseiten, die \u00fcber Hyperlinks zur Nutzung bereitgestellt werden. Bei diesen Seiten handelt es sich um fremde Angebote, f\u00fcr deren Inhalte ausschlie\u00dflich deren Betreiber verantwortlich sind. Sollten Ihnen Rechtsverst\u00f6\u00dfe oder sonstige unangemessene Inhalte auf einer verlinkten Seite auffallen, bitten wir um einen entsprechenden Hinweis, damit wir den Link l\u00f6schen k\u00f6nnen.<\/p>\n","protected":false},"excerpt":{"rendered":"<p>blinc eG Bertheaustra\u00dfe 10 37075 G\u00f6ttingen Telefon: 0172 740 83 22 E-Mail: info@blinc-eu.org Vertretungsberechtigte: Dr. Tim Scholze, Michael Eichhorst Aufsichtsrat: Jutta List Ivankovic, Prof. Dr. Hans-Dieter Haller, Dr. Karl-Ludwig Kratz Amtsregister: Amtsgericht G\u00f6ttingen, GnR 150 Umsatzsteuernummer gem\u00e4\u00df \u00a7 27a Umsatzsteuergesetz: 20\/200\/14844 Verantwortlich f\u00fcr den Inhalt nach \u00a755 Abs. 2 RStV: Dr. Tim Scholze blinc eG [&hellip;]<\/p>\n","protected":false},"author":1,"featured_media":0,"parent":0,"menu_order":0,"comment_status":"closed","ping_status":"closed","template":"","meta":{"_locale":"de_DE","_original_post":"419","footnotes":""},"q21pr_european_projects":[],"class_list":["post-421","page","type-page","status-publish","hentry","de-DE"],"blocksy_meta":{"styles_descriptor":{"styles":{"desktop":"","tablet":"","mobile":""},"google_fonts":[],"version":6}},"_links":{"self":[{"href":"https:\/\/blinc-eu.org\/wp-json\/wp\/v2\/pages\/421","targetHints":{"allow":["GET"]}}],"collection":[{"href":"https:\/\/blinc-eu.org\/wp-json\/wp\/v2\/pages"}],"about":[{"href":"https:\/\/blinc-eu.org\/wp-json\/wp\/v2\/types\/page"}],"author":[{"embeddable":true,"href":"https:\/\/blinc-eu.org\/wp-json\/wp\/v2\/users\/1"}],"replies":[{"embeddable":true,"href":"https:\/\/blinc-eu.org\/wp-json\/wp\/v2\/comments?post=421"}],"version-history":[{"count":1,"href":"https:\/\/blinc-eu.org\/wp-json\/wp\/v2\/pages\/421\/revisions"}],"predecessor-version":[{"id":422,"href":"https:\/\/blinc-eu.org\/wp-json\/wp\/v2\/pages\/421\/revisions\/422"}],"wp:attachment":[{"href":"https:\/\/blinc-eu.org\/wp-json\/wp\/v2\/media?parent=421"}],"wp:term":[{"taxonomy":"q21pr_european_projects","embeddable":true,"href":"https:\/\/blinc-eu.org\/wp-json\/wp\/v2\/q21pr_european_projects?post=421"}],"curies":[{"name":"wp","href":"https:\/\/api.w.org\/{rel}","templated":true}]}}