{"id":131,"date":"2017-11-14T11:54:55","date_gmt":"2017-11-14T11:54:55","guid":{"rendered":"http:\/\/blinc-eu.org\/?page_id=131"},"modified":"2017-11-15T12:28:59","modified_gmt":"2017-11-15T12:28:59","slug":"blinc-cooperative","status":"publish","type":"page","link":"https:\/\/blinc-eu.org\/fr\/blinc-cooperative\/","title":{"rendered":"home page"},"content":{"rendered":"<div class=\"csc-header csc-header-n2\">\n<h1>blinc &#8211; Coop\u00e9rative europ\u00eeenne de formation<\/h1>\n<\/div>\n<ul class=\"csc-bulletlist csc-bulletlist-0\">\n<li class=\"odd\">Information, aide et accompagnement pour tout ce qui concerne le thame \u00ab\u00a0blended learning\u00a0\u00bb<\/li>\n<li class=\"even\">Echange de connaissances sp\u00e9ciales pour des personnes, organisation et partenaires du projet int\u00e9resses<\/li>\n<li class=\"odd\">Instrument de formation et de \u00e8valuation<\/li>\n<li class=\"even\">Expertises, produits et services pour des produits de blended learning en Europe<\/li>\n<\/ul>\n<p class=\"bodytext\"><b>blinc<\/b> est l&rsquo;organisme de coordination d&rsquo;un reseau transnational de developpeurs de contenus multimedia (cours, modules, objets d&rsquo;apprentissage), donc, de produits et de services destines au blended learning.<\/p>\n<p class=\"bodytext\"><b>blinc<\/b> sera developpe dans le cadre du projet europen eL3 et sert de cooperative et de marche virtuel pour ces services et produits.<\/p>\n<p class=\"bodytext\"><b>blinc<\/b> est un profit centre pour des producteurs d&rsquo; instruments pour le blended learning et offre \u00c3\u00a0 l&rsquo;avenir aux organisations interessees une plate-forme pour la commercialisation et la vente de leurs modules d&rsquo;apprentissage.<\/p>\n","protected":false},"excerpt":{"rendered":"<p>blinc &#8211; Coop\u00e9rative europ\u00eeenne de formation Information, aide et accompagnement pour tout ce qui concerne le thame \u00ab\u00a0blended learning\u00a0\u00bb Echange de connaissances sp\u00e9ciales pour des personnes, organisation et partenaires du projet int\u00e9resses Instrument de formation et de \u00e8valuation Expertises, produits et services pour des produits de blended learning en Europe blinc est l&rsquo;organisme de coordination [&hellip;]<\/p>\n","protected":false},"author":1,"featured_media":0,"parent":0,"menu_order":0,"comment_status":"closed","ping_status":"closed","template":"","meta":{"_locale":"fr_FR","_original_post":"61","footnotes":""},"q21pr_european_projects":[],"class_list":["post-131","page","type-page","status-publish","hentry","fr-FR"],"blocksy_meta":{"styles_descriptor":{"styles":{"desktop":"","tablet":"","mobile":""},"google_fonts":[],"version":6}},"_links":{"self":[{"href":"https:\/\/blinc-eu.org\/wp-json\/wp\/v2\/pages\/131","targetHints":{"allow":["GET"]}}],"collection":[{"href":"https:\/\/blinc-eu.org\/wp-json\/wp\/v2\/pages"}],"about":[{"href":"https:\/\/blinc-eu.org\/wp-json\/wp\/v2\/types\/page"}],"author":[{"embeddable":true,"href":"https:\/\/blinc-eu.org\/wp-json\/wp\/v2\/users\/1"}],"replies":[{"embeddable":true,"href":"https:\/\/blinc-eu.org\/wp-json\/wp\/v2\/comments?post=131"}],"version-history":[{"count":4,"href":"https:\/\/blinc-eu.org\/wp-json\/wp\/v2\/pages\/131\/revisions"}],"predecessor-version":[{"id":143,"href":"https:\/\/blinc-eu.org\/wp-json\/wp\/v2\/pages\/131\/revisions\/143"}],"wp:attachment":[{"href":"https:\/\/blinc-eu.org\/wp-json\/wp\/v2\/media?parent=131"}],"wp:term":[{"taxonomy":"q21pr_european_projects","embeddable":true,"href":"https:\/\/blinc-eu.org\/wp-json\/wp\/v2\/q21pr_european_projects?post=131"}],"curies":[{"name":"wp","href":"https:\/\/api.w.org\/{rel}","templated":true}]}}